{"id":489,"date":"2024-08-01T19:22:03","date_gmt":"2024-08-01T19:22:03","guid":{"rendered":"https:\/\/teoraieta.it\/studiosbordoni\/?page_id=489"},"modified":"2024-09-19T15:06:20","modified_gmt":"2024-09-19T15:06:20","slug":"avv-stefano-sbordoni","status":"publish","type":"page","link":"https:\/\/teoraieta.it\/studiosbordoni\/avvocati\/avv-stefano-sbordoni\/","title":{"rendered":"Avv. Stefano Sbordoni"},"content":{"rendered":"<p>[et_pb_section fb_built=&#8221;1&#8243; specialty=&#8221;on&#8221; _builder_version=&#8221;4.27.0&#8243; _module_preset=&#8221;default&#8221; global_colors_info=&#8221;{}&#8221;][et_pb_column type=&#8221;1_4&#8243; _builder_version=&#8221;4.16&#8243; custom_padding=&#8221;|||&#8221; global_colors_info=&#8221;{}&#8221; custom_padding__hover=&#8221;|||&#8221;][et_pb_text disabled_on=&#8221;on|on|off&#8221; _builder_version=&#8221;4.27.0&#8243; _module_preset=&#8221;default&#8221; global_colors_info=&#8221;{}&#8221;]<\/p>\n<h1>Avvocati<\/h1>\n<p>[\/et_pb_text][et_pb_blurb title=&#8221;Silvia Comoglio&#8221; url=&#8221;https:\/\/teoraieta.it\/studiosbordoni\/avvocati\/avv-silvia-comoglio\/&#8221; disabled_on=&#8221;on|on|off&#8221; admin_label=&#8221;Silvia Comoglio Colonna Sinistra Scheda Avvocato&#8221; _builder_version=&#8221;4.27.0&#8243; _module_preset=&#8221;default&#8221; header_level=&#8221;h2&#8243; link_option_url=&#8221;https:\/\/teoraieta.it\/studiosbordoni\/avvocati\/avv-silvia-comoglio\/&#8221; border_width_bottom=&#8221;1px&#8221; border_color_bottom=&#8221;#e2e2e2&#8243; global_module=&#8221;966&#8243; global_colors_info=&#8221;{}&#8221; image__hover_enabled=&#8221;on|desktop&#8221; image__hover=&#8221;&#8221;]<\/p>\n<h4>Esperta in:<\/h4>\n<p>Diritto commerciale e societario<br \/>Riassicurazione<br \/>Diritto assicurativo<br \/>Diritto del gioco pubblico<\/p>\n<p>[\/et_pb_blurb][et_pb_blurb title=&#8221;Salvatore Magr\u00ec&#8221; url=&#8221;https:\/\/teoraieta.it\/studiosbordoni\/avvocati\/avv-stefano-magri\/&#8221; disabled_on=&#8221;on|on|off&#8221; admin_label=&#8221;Salvatore Magr\u00ec Colonna Sinistra Scheda Avvocato&#8221; _builder_version=&#8221;4.27.0&#8243; _module_preset=&#8221;default&#8221; header_level=&#8221;h2&#8243; link_option_url=&#8221;https:\/\/teoraieta.it\/studiosbordoni\/avvocati\/avv-stefano-magri\/&#8221; border_width_bottom=&#8221;1px&#8221; border_color_bottom=&#8221;#e2e2e2&#8243; global_module=&#8221;961&#8243; global_colors_info=&#8221;{}&#8221; image__hover_enabled=&#8221;on|desktop&#8221; image__hover=&#8221;&#8221;]<\/p>\n<h4>Esperto in:<\/h4>\n<p><span>Materia tributaria<\/span><br \/><span>Intermediazione finanziaria<\/span><br \/><span>Giochi e scommesse<\/span><\/p>\n<p>[\/et_pb_blurb][\/et_pb_column][et_pb_column type=&#8221;3_4&#8243; specialty_columns=&#8221;3&#8243; _builder_version=&#8221;4.16&#8243; custom_padding=&#8221;|||&#8221; global_colors_info=&#8221;{}&#8221; custom_padding__hover=&#8221;|||&#8221;][et_pb_row_inner column_structure=&#8221;1_2,1_2&#8243; make_equal=&#8221;on&#8221; _builder_version=&#8221;4.27.0&#8243; _module_preset=&#8221;default&#8221; global_colors_info=&#8221;{}&#8221;][et_pb_column_inner type=&#8221;1_2&#8243; saved_specialty_column_type=&#8221;1_2&#8243; module_class=&#8221;ds-vertical-align&#8221; _builder_version=&#8221;4.27.0&#8243; _module_preset=&#8221;default&#8221; global_colors_info=&#8221;{}&#8221;][et_pb_image src=&#8221;https:\/\/teoraieta.it\/studiosbordoni\/wp-content\/uploads\/2024\/07\/stefano-sbordoni.520&#215;600.jpg&#8221; title_text=&#8221;stefano-sbordoni.520&#215;600&#8243; _builder_version=&#8221;4.27.0&#8243; _module_preset=&#8221;default&#8221; hover_enabled=&#8221;0&#8243; global_colors_info=&#8221;{}&#8221; sticky_enabled=&#8221;0&#8243;][\/et_pb_image][\/et_pb_column_inner][et_pb_column_inner type=&#8221;1_2&#8243; saved_specialty_column_type=&#8221;1_2&#8243; module_class=&#8221;ds-vertical-align&#8221; _builder_version=&#8221;4.27.0&#8243; _module_preset=&#8221;default&#8221; global_colors_info=&#8221;{}&#8221;][et_pb_blurb title=&#8221;Stefano Sbordoni&#8221; icon_placement=&#8221;left&#8221; _builder_version=&#8221;4.27.0&#8243; _module_preset=&#8221;default&#8221; header_level=&#8221;h3&#8243; header_font=&#8221;Cormorant||||||||&#8221; header_font_size=&#8221;40px&#8221; locked=&#8221;off&#8221; global_colors_info=&#8221;{}&#8221;]stefano.sbordoni@studiosbordoni.com<\/p>\n<hr class=\"line2\" \/>\n<h3>Esperto in:<\/h3>\n<p>Giochi E Scomesse<br \/>\nDiritto Assicurazioni<br \/>\nDiritto Tibutario<br \/>\nIntermediazione Finanziaria[\/et_pb_blurb][\/et_pb_column_inner][\/et_pb_row_inner][et_pb_row_inner _builder_version=&#8221;4.27.0&#8243; _module_preset=&#8221;default&#8221; global_colors_info=&#8221;{}&#8221;][et_pb_column_inner saved_specialty_column_type=&#8221;1_2&#8243; _builder_version=&#8221;4.27.0&#8243; _module_preset=&#8221;default&#8221; global_colors_info=&#8221;{}&#8221;][et_pb_text _builder_version=&#8221;4.27.0&#8243; _module_preset=&#8221;default&#8221; locked=&#8221;off&#8221; global_colors_info=&#8221;{}&#8221;]<\/p>\n<p><span class='et-dropcap'>S<\/span>ia in Italia che all&#8217;estero l\u2019Avvocato Stefano Sbordoni e lo Studio Legale Sbordoni&amp;Partners sono considerati tra i pi\u00f9 affermati e qualificati nel settore del gioco e scommesse.<\/p>\n<p>Stefano Sbordoni, avvocato cassazionista, \u00e8 docente di Legislazione Tributaria del Gioco presso il Dipartimento di Scienze Politiche, sociali e della Comunicazione dell&#8217;Universit\u00e0 di Salerno. Svolge docenze presso la Scuola Superiore della Economia e Finanze.<\/p>\n<p>Ha tenuto corsi per concessionari pubblici presso l\u2019Universit\u00e0 di Malta.<\/p>\n<p>Supporta l\u2019Amministrazione Autonoma dei Monopoli di Stato su questioni di diritto amministrativo inerenti il settore del gioco e delle scommesse: \u00e8 consulente dei principali operatori di gioco, italiani ed esteri. Nella sua pluriennale esperienza si \u00e8 occupato tra l\u2019altro della normazione del gioco del Bingo, della riorganizzazione a mezzo gare pubbliche del settore dei giochi, della privatizzazione delle Lotterie Istantanee, della commercializzazione di giochi e lotterie in pi\u00f9 di quaranta paesi nel mondo.<br \/>Esperto in riassicurazione, \u00e8 stato responsabile della sottoscrizione del ramo aeronautica e del settore Trattati ed Eccessi Sinistri di primarie Societ\u00e0 internazionali di Riassicurazione, nonch\u00e8 Responsabile del portafoglio italiano e del servizio contenzioso contrattuale sia in Italia che in Inghilterra. \u00c8 relatore abituale nei principali convegni in materia di giochi e scommesse in Italia e nel mondo, organizzati da agenzie governative e dall\u2019Amministrazione Autonoma dei Monopoli di Stato.<br \/>\u00c8 autore dei capitoli, sull\u2019Italia, delle ultime due edizioni dell\u2019Internet Gambling Report.<\/p>\n<p>Ha pubblicato articoli per l\u2019Academy of European Law, ha redatto le dispense del corso di Diritto dell\u2019Informatica all\u2019Universit\u00e0 della Tuscia su \u201cIl gioco telematico\u201c, oltre a numerose dispense per i corsi di formazione della Scuola di Economia e Finanza. \u00c8 l\u2019autore della monografia\u00a0<strong>Giochi concessi e giochi on line<\/strong>\u00a0pubblicata nel marzo 2010 dal Poligrafico dello Stato.<br \/>Membro dell\u2019International Masters of Gaming Law e del Comitato di Presidenza della Confederazione GiocareItalia, \u00e8 Segretario Generale di\u00a0U.T.I.S. (Unione Totoricevitori Italiani Sportivi), \u00e8 iscritto all\u2019albo dei giornalisti e coopera con le principali testate specializzate in materia di giochi in Italia (TS, Jamma, Agicos). Pubblica con Atlante (Economia e sviluppo sostenibile)\u00a0e con Technet (specializzato in IT).<\/p>\n<p>\u00c8 autore di: &#8220;<strong>Guida di leggi e regolamenti di giochi e scommesse<\/strong>&#8220;, &#8220;<strong>Giochi concessi e giochi on line<\/strong>&#8220;, &#8220;<strong>Web, libert\u00e0 e diritto<\/strong>&#8220;.<\/p>\n<p>[\/et_pb_text][\/et_pb_column_inner][\/et_pb_row_inner][et_pb_row_inner _builder_version=&#8221;4.27.0&#8243; _module_preset=&#8221;default&#8221; global_colors_info=&#8221;{}&#8221;][et_pb_column_inner saved_specialty_column_type=&#8221;3_4&#8243; _builder_version=&#8221;4.27.0&#8243; _module_preset=&#8221;default&#8221; global_colors_info=&#8221;{}&#8221;][et_pb_text _builder_version=&#8221;4.27.0&#8243; _module_preset=&#8221;default&#8221; locked=&#8221;off&#8221; global_colors_info=&#8221;{}&#8221;]<\/p>\n<h3>Desideri contattare l&#8217;avvocato Stefano Sbordoni?<br \/>Contattaci per fissare un appuntamento presso lo Studio Legale.<\/h3>\n<p>[\/et_pb_text][\/et_pb_column_inner][\/et_pb_row_inner][et_pb_row_inner _builder_version=&#8221;4.27.0&#8243; _module_preset=&#8221;default&#8221; global_colors_info=&#8221;{}&#8221;][et_pb_column_inner saved_specialty_column_type=&#8221;3_4&#8243; _builder_version=&#8221;4.27.0&#8243; _module_preset=&#8221;default&#8221; global_colors_info=&#8221;{}&#8221;][et_pb_contact_form captcha=&#8221;off&#8221; submit_button_text=&#8221;Invia&#8221; _builder_version=&#8221;4.27.0&#8243; _module_preset=&#8221;default&#8221; _unique_id=&#8221;be6b26de-2cdf-4da7-ba3f-10127f1ab25d&#8221; custom_button=&#8221;on&#8221; button_text_color=&#8221;#FFFFFF&#8221; button_bg_color=&#8221;#003559&#8243; locked=&#8221;off&#8221; global_colors_info=&#8221;{}&#8221;][et_pb_contact_field field_id=&#8221;Name&#8221; field_title=&#8221;Nome&#8221; _builder_version=&#8221;4.27.0&#8243; global_colors_info=&#8221;{}&#8221; button_text_size__hover_enabled=&#8221;off&#8221; button_one_text_size__hover_enabled=&#8221;off&#8221; button_two_text_size__hover_enabled=&#8221;off&#8221; button_text_color__hover_enabled=&#8221;off&#8221; button_one_text_color__hover_enabled=&#8221;off&#8221; button_two_text_color__hover_enabled=&#8221;off&#8221; button_border_width__hover_enabled=&#8221;off&#8221; button_one_border_width__hover_enabled=&#8221;off&#8221; button_two_border_width__hover_enabled=&#8221;off&#8221; button_border_color__hover_enabled=&#8221;off&#8221; button_one_border_color__hover_enabled=&#8221;off&#8221; button_two_border_color__hover_enabled=&#8221;off&#8221; button_border_radius__hover_enabled=&#8221;off&#8221; button_one_border_radius__hover_enabled=&#8221;off&#8221; button_two_border_radius__hover_enabled=&#8221;off&#8221; button_letter_spacing__hover_enabled=&#8221;off&#8221; button_one_letter_spacing__hover_enabled=&#8221;off&#8221; button_two_letter_spacing__hover_enabled=&#8221;off&#8221; button_bg_color__hover_enabled=&#8221;off&#8221; button_one_bg_color__hover_enabled=&#8221;off&#8221; button_two_bg_color__hover_enabled=&#8221;off&#8221;][\/et_pb_contact_field][et_pb_contact_field field_id=&#8221;Cognome&#8221; field_title=&#8221;Cognome&#8221; field_type=&#8221;email&#8221; _builder_version=&#8221;4.27.0&#8243; global_colors_info=&#8221;{}&#8221; button_text_size__hover_enabled=&#8221;off&#8221; button_one_text_size__hover_enabled=&#8221;off&#8221; button_two_text_size__hover_enabled=&#8221;off&#8221; button_text_color__hover_enabled=&#8221;off&#8221; button_one_text_color__hover_enabled=&#8221;off&#8221; button_two_text_color__hover_enabled=&#8221;off&#8221; button_border_width__hover_enabled=&#8221;off&#8221; button_one_border_width__hover_enabled=&#8221;off&#8221; button_two_border_width__hover_enabled=&#8221;off&#8221; button_border_color__hover_enabled=&#8221;off&#8221; button_one_border_color__hover_enabled=&#8221;off&#8221; button_two_border_color__hover_enabled=&#8221;off&#8221; button_border_radius__hover_enabled=&#8221;off&#8221; button_one_border_radius__hover_enabled=&#8221;off&#8221; button_two_border_radius__hover_enabled=&#8221;off&#8221; button_letter_spacing__hover_enabled=&#8221;off&#8221; button_one_letter_spacing__hover_enabled=&#8221;off&#8221; button_two_letter_spacing__hover_enabled=&#8221;off&#8221; button_bg_color__hover_enabled=&#8221;off&#8221; button_one_bg_color__hover_enabled=&#8221;off&#8221; button_two_bg_color__hover_enabled=&#8221;off&#8221;][\/et_pb_contact_field][et_pb_contact_field field_id=&#8221;Telefono&#8221; field_title=&#8221;Telefono&#8221; field_type=&#8221;email&#8221; _builder_version=&#8221;4.27.0&#8243; global_colors_info=&#8221;{}&#8221; button_text_size__hover_enabled=&#8221;off&#8221; button_one_text_size__hover_enabled=&#8221;off&#8221; button_two_text_size__hover_enabled=&#8221;off&#8221; button_text_color__hover_enabled=&#8221;off&#8221; button_one_text_color__hover_enabled=&#8221;off&#8221; button_two_text_color__hover_enabled=&#8221;off&#8221; button_border_width__hover_enabled=&#8221;off&#8221; button_one_border_width__hover_enabled=&#8221;off&#8221; button_two_border_width__hover_enabled=&#8221;off&#8221; button_border_color__hover_enabled=&#8221;off&#8221; button_one_border_color__hover_enabled=&#8221;off&#8221; button_two_border_color__hover_enabled=&#8221;off&#8221; button_border_radius__hover_enabled=&#8221;off&#8221; button_one_border_radius__hover_enabled=&#8221;off&#8221; button_two_border_radius__hover_enabled=&#8221;off&#8221; button_letter_spacing__hover_enabled=&#8221;off&#8221; button_one_letter_spacing__hover_enabled=&#8221;off&#8221; button_two_letter_spacing__hover_enabled=&#8221;off&#8221; button_bg_color__hover_enabled=&#8221;off&#8221; button_one_bg_color__hover_enabled=&#8221;off&#8221; button_two_bg_color__hover_enabled=&#8221;off&#8221;][\/et_pb_contact_field][et_pb_contact_field field_id=&#8221;Email&#8221; field_title=&#8221;Email&#8221; field_type=&#8221;email&#8221; _builder_version=&#8221;4.27.0&#8243; global_colors_info=&#8221;{}&#8221; button_text_size__hover_enabled=&#8221;off&#8221; button_one_text_size__hover_enabled=&#8221;off&#8221; button_two_text_size__hover_enabled=&#8221;off&#8221; button_text_color__hover_enabled=&#8221;off&#8221; button_one_text_color__hover_enabled=&#8221;off&#8221; button_two_text_color__hover_enabled=&#8221;off&#8221; button_border_width__hover_enabled=&#8221;off&#8221; button_one_border_width__hover_enabled=&#8221;off&#8221; button_two_border_width__hover_enabled=&#8221;off&#8221; button_border_color__hover_enabled=&#8221;off&#8221; button_one_border_color__hover_enabled=&#8221;off&#8221; button_two_border_color__hover_enabled=&#8221;off&#8221; button_border_radius__hover_enabled=&#8221;off&#8221; button_one_border_radius__hover_enabled=&#8221;off&#8221; button_two_border_radius__hover_enabled=&#8221;off&#8221; button_letter_spacing__hover_enabled=&#8221;off&#8221; button_one_letter_spacing__hover_enabled=&#8221;off&#8221; button_two_letter_spacing__hover_enabled=&#8221;off&#8221; button_bg_color__hover_enabled=&#8221;off&#8221; button_one_bg_color__hover_enabled=&#8221;off&#8221; button_two_bg_color__hover_enabled=&#8221;off&#8221;][\/et_pb_contact_field][et_pb_contact_field field_id=&#8221;Messaggio&#8221; field_title=&#8221;Messaggio&#8221; field_type=&#8221;text&#8221; fullwidth_field=&#8221;on&#8221; _builder_version=&#8221;4.27.0&#8243; global_colors_info=&#8221;{}&#8221; button_text_size__hover_enabled=&#8221;off&#8221; button_one_text_size__hover_enabled=&#8221;off&#8221; button_two_text_size__hover_enabled=&#8221;off&#8221; button_text_color__hover_enabled=&#8221;off&#8221; button_one_text_color__hover_enabled=&#8221;off&#8221; button_two_text_color__hover_enabled=&#8221;off&#8221; button_border_width__hover_enabled=&#8221;off&#8221; button_one_border_width__hover_enabled=&#8221;off&#8221; button_two_border_width__hover_enabled=&#8221;off&#8221; button_border_color__hover_enabled=&#8221;off&#8221; button_one_border_color__hover_enabled=&#8221;off&#8221; button_two_border_color__hover_enabled=&#8221;off&#8221; button_border_radius__hover_enabled=&#8221;off&#8221; button_one_border_radius__hover_enabled=&#8221;off&#8221; button_two_border_radius__hover_enabled=&#8221;off&#8221; button_letter_spacing__hover_enabled=&#8221;off&#8221; button_one_letter_spacing__hover_enabled=&#8221;off&#8221; button_two_letter_spacing__hover_enabled=&#8221;off&#8221; button_bg_color__hover_enabled=&#8221;off&#8221; button_one_bg_color__hover_enabled=&#8221;off&#8221; button_two_bg_color__hover_enabled=&#8221;off&#8221;][\/et_pb_contact_field][\/et_pb_contact_form][et_pb_text disabled_on=&#8221;off|off|on&#8221; _builder_version=&#8221;4.27.0&#8243; _module_preset=&#8221;default&#8221; global_colors_info=&#8221;{}&#8221;]<\/p>\n<h1 style=\"text-align: center;\">Avvocati<\/h1>\n<p>[\/et_pb_text][et_pb_blurb title=&#8221;Silvia Comoglio&#8221; disabled_on=&#8221;off|off|on&#8221; _builder_version=&#8221;4.27.0&#8243; _module_preset=&#8221;default&#8221; header_level=&#8221;h2&#8243; text_orientation=&#8221;center&#8221; custom_margin=&#8221;|||0px|false|false&#8221; custom_padding=&#8221;|||0px|false|false&#8221; border_width_bottom=&#8221;1px&#8221; border_color_bottom=&#8221;#e2e2e2&#8243; global_colors_info=&#8221;{}&#8221; image__hover_enabled=&#8221;on|desktop&#8221; image__hover=&#8221;&#8221;]<\/p>\n<h4>Esperta in:<\/h4>\n<p>Diritto commerciale e societario<br \/>Riassicurazione<br \/>Diritto assicurativo<br \/>Diritto del gioco pubblico<\/p>\n<p>[\/et_pb_blurb][et_pb_blurb title=&#8221;Salvatore Magr\u00ec&#8221; disabled_on=&#8221;off|off|on&#8221; _builder_version=&#8221;4.27.0&#8243; _module_preset=&#8221;default&#8221; header_level=&#8221;h2&#8243; text_orientation=&#8221;center&#8221; border_width_bottom=&#8221;1px&#8221; border_color_bottom=&#8221;#e2e2e2&#8243; global_colors_info=&#8221;{}&#8221; image__hover_enabled=&#8221;on|desktop&#8221; image__hover=&#8221;&#8221;]<\/p>\n<h4>Esperto in:<\/h4>\n<p><span>Materia tributaria<\/span><br \/><span>Intermediazione finanziaria<\/span><br \/><span>Giochi e scommesse<\/span><\/p>\n<p>[\/et_pb_blurb][\/et_pb_column_inner][\/et_pb_row_inner][\/et_pb_column][\/et_pb_section][et_pb_section fb_built=&#8221;1&#8243; admin_label=&#8221;Chambers&#8221; module_id=&#8221;global_chambers&#8221; _builder_version=&#8221;4.27.0&#8243; _module_preset=&#8221;default&#8221; background_color=&#8221;#FFFFFF&#8221; global_module=&#8221;914&#8243; global_colors_info=&#8221;{}&#8221;][et_pb_row column_structure=&#8221;1_2,1_2&#8243; use_custom_gutter=&#8221;on&#8221; make_equal=&#8221;on&#8221; _builder_version=&#8221;4.26.0&#8243; _module_preset=&#8221;default&#8221; width=&#8221;100%&#8221; max_width=&#8221;80%&#8221; module_alignment=&#8221;center&#8221; global_colors_info=&#8221;{}&#8221;][et_pb_column type=&#8221;1_2&#8243; module_class=&#8221;ds-vertical-align&#8221; _builder_version=&#8221;4.26.0&#8243; _module_preset=&#8221;default&#8221; global_colors_info=&#8221;{}&#8221;][et_pb_image src=&#8221;https:\/\/teoraieta.it\/studiosbordoni\/wp-content\/uploads\/2024\/07\/global-chambers-2022.jpg&#8221; title_text=&#8221;global-chambers-2022&#8243; align=&#8221;center&#8221; _builder_version=&#8221;4.27.0&#8243; _module_preset=&#8221;default&#8221; width=&#8221;25%&#8221; max_width=&#8221;25%&#8221; min_height=&#8221;25%&#8221; height=&#8221;25%&#8221; max_height=&#8221;25%&#8221; global_colors_info=&#8221;{}&#8221;][\/et_pb_image][\/et_pb_column][et_pb_column type=&#8221;1_2&#8243; module_class=&#8221;ds-vertical-align&#8221; _builder_version=&#8221;4.26.0&#8243; _module_preset=&#8221;default&#8221; global_colors_info=&#8221;{}&#8221;][et_pb_blurb title=&#8221;Ranked in Global Chambers&#8221; content_tablet=&#8221;<\/p>\n<p>Nell&#8217;edizione 2022 della Chambers Global Ranking, la guida dei migliori studi legali al mondo pubblicata da Chambers &#038; Partners, lo Studio Legale Sbordoni &#038; Partners \u00e8 stato  confermato come eccellenza nel settore del Gaming &#038; Gambling.<\/p>\n<p>&#8221; content_phone=&#8221;<\/p>\n<p>Nell&#8217;edizione 2022 della Chambers Global Ranking, la guida dei migliori studi legali al mondo pubblicata da Chambers &#038; Partners, lo Studio Legale Sbordoni &#038; Partners \u00e8 stato  confermato come eccellenza nel settore del Gaming &#038; Gambling.<\/p>\n<p>&#8221; content_last_edited=&#8221;on|phone&#8221; _builder_version=&#8221;4.27.0&#8243; _module_preset=&#8221;default&#8221; header_level=&#8221;h2&#8243; text_orientation_tablet=&#8221;&#8221; text_orientation_phone=&#8221;center&#8221; text_orientation_last_edited=&#8221;on|phone&#8221; global_colors_info=&#8221;{}&#8221;]<\/p>\n<p>Nell&#8217;edizione 2022 della Chambers Global Ranking, la guida dei migliori studi legali al mondo pubblicata da Chambers &amp; Partners, lo Studio Legale Sbordoni &amp; Partners \u00e8 stato\u00a0 confermato come eccellenza nel settore del Gaming &amp; Gambling.<\/p>\n<p>[\/et_pb_blurb][\/et_pb_column][\/et_pb_row][\/et_pb_section]<\/p>\n","protected":false},"excerpt":{"rendered":"<p>AvvocatiEsperta in: Diritto commerciale e societarioRiassicurazioneDiritto assicurativoDiritto del gioco pubblico Esperto in: Materia tributariaIntermediazione finanziariaGiochi e scommesse stefano.sbordoni@studiosbordoni.com Esperto in: Giochi E Scomesse Diritto Assicurazioni Diritto Tibutario Intermediazione Finanziaria<span class='et-dropcap'>S<\/span>ia in Italia che all&#8217;estero l\u2019Avvocato Stefano Sbordoni e lo Studio Legale Sbordoni&amp;Partners sono considerati tra i pi\u00f9 affermati e qualificati nel settore del gioco e scommesse. [&hellip;]<\/p>\n","protected":false},"author":1,"featured_media":0,"parent":22,"menu_order":0,"comment_status":"closed","ping_status":"closed","template":"","meta":{"_et_pb_use_builder":"on","_et_pb_old_content":"","_et_gb_content_width":"","footnotes":""},"class_list":["post-489","page","type-page","status-publish","hentry"],"_links":{"self":[{"href":"https:\/\/teoraieta.it\/studiosbordoni\/wp-json\/wp\/v2\/pages\/489","targetHints":{"allow":["GET"]}}],"collection":[{"href":"https:\/\/teoraieta.it\/studiosbordoni\/wp-json\/wp\/v2\/pages"}],"about":[{"href":"https:\/\/teoraieta.it\/studiosbordoni\/wp-json\/wp\/v2\/types\/page"}],"author":[{"embeddable":true,"href":"https:\/\/teoraieta.it\/studiosbordoni\/wp-json\/wp\/v2\/users\/1"}],"replies":[{"embeddable":true,"href":"https:\/\/teoraieta.it\/studiosbordoni\/wp-json\/wp\/v2\/comments?post=489"}],"version-history":[{"count":28,"href":"https:\/\/teoraieta.it\/studiosbordoni\/wp-json\/wp\/v2\/pages\/489\/revisions"}],"predecessor-version":[{"id":982,"href":"https:\/\/teoraieta.it\/studiosbordoni\/wp-json\/wp\/v2\/pages\/489\/revisions\/982"}],"up":[{"embeddable":true,"href":"https:\/\/teoraieta.it\/studiosbordoni\/wp-json\/wp\/v2\/pages\/22"}],"wp:attachment":[{"href":"https:\/\/teoraieta.it\/studiosbordoni\/wp-json\/wp\/v2\/media?parent=489"}],"curies":[{"name":"wp","href":"https:\/\/api.w.org\/{rel}","templated":true}]}}